{"id":44,"date":"2022-01-19T13:28:29","date_gmt":"2022-01-19T13:28:29","guid":{"rendered":"https:\/\/egeszsegvonal.eu\/MCSL\/?page_id=44"},"modified":"2022-02-12T08:18:04","modified_gmt":"2022-02-12T08:18:04","slug":"our-menu","status":"publish","type":"page","link":"https:\/\/egeszsegvonal.eu\/MCSL\/","title":{"rendered":"Kezd\u0151lap"},"content":{"rendered":"\t\t<div data-elementor-type=\"wp-page\" data-elementor-id=\"44\" class=\"elementor elementor-44\" data-elementor-settings=\"[]\">\n\t\t\t\t\t\t\t<div class=\"elementor-section-wrap\">\n\t\t\t\t\t\t\t<section class=\"elementor-section elementor-top-section elementor-element elementor-element-39baafc elementor-section-boxed elementor-section-height-default elementor-section-height-default\" data-id=\"39baafc\" data-element_type=\"section\">\n\t\t\t\t\t\t<div class=\"elementor-container elementor-column-gap-default\">\n\t\t\t\t\t<div class=\"elementor-column elementor-col-100 elementor-top-column elementor-element elementor-element-dd57953\" data-id=\"dd57953\" data-element_type=\"column\">\n\t\t\t<div class=\"elementor-widget-wrap elementor-element-populated\">\n\t\t\t\t\t\t\t\t<section class=\"elementor-section elementor-inner-section elementor-element elementor-element-548796b elementor-section-boxed elementor-section-height-default elementor-section-height-default\" data-id=\"548796b\" data-element_type=\"section\">\n\t\t\t\t\t\t<div class=\"elementor-container elementor-column-gap-default\">\n\t\t\t\t\t<div class=\"elementor-column elementor-col-50 elementor-inner-column elementor-element elementor-element-755a9c9\" data-id=\"755a9c9\" data-element_type=\"column\">\n\t\t\t<div class=\"elementor-widget-wrap elementor-element-populated\">\n\t\t\t\t\t\t\t\t<div class=\"elementor-element elementor-element-30ddf49 elementor-widget elementor-widget-heading\" data-id=\"30ddf49\" data-element_type=\"widget\" data-widget_type=\"heading.default\">\n\t\t\t\t<div class=\"elementor-widget-container\">\n\t\t\t<style>\/*! elementor - v3.5.3 - 28-12-2021 *\/\n.elementor-heading-title{padding:0;margin:0;line-height:1}.elementor-widget-heading .elementor-heading-title[class*=elementor-size-]>a{color:inherit;font-size:inherit;line-height:inherit}.elementor-widget-heading .elementor-heading-title.elementor-size-small{font-size:15px}.elementor-widget-heading .elementor-heading-title.elementor-size-medium{font-size:19px}.elementor-widget-heading .elementor-heading-title.elementor-size-large{font-size:29px}.elementor-widget-heading .elementor-heading-title.elementor-size-xl{font-size:39px}.elementor-widget-heading .elementor-heading-title.elementor-size-xxl{font-size:59px}<\/style><h2 class=\"elementor-heading-title elementor-size-default\"><span style=\"color: rgb(33, 49, 217); font-family: &quot;DM Serif Text&quot;, sans-serif; font-size: 43px; font-weight: 500;\">Csal\u00e1dorvosok LAPJA<\/span><\/h2>\t\t<\/div>\n\t\t\t\t<\/div>\n\t\t\t\t\t<\/div>\n\t\t<\/div>\n\t\t\t\t<div class=\"elementor-column elementor-col-50 elementor-inner-column elementor-element elementor-element-2114a00\" data-id=\"2114a00\" data-element_type=\"column\">\n\t\t\t<div class=\"elementor-widget-wrap elementor-element-populated\">\n\t\t\t\t\t\t\t\t<div class=\"elementor-element elementor-element-ca99e4a elementor-widget elementor-widget-heading\" data-id=\"ca99e4a\" data-element_type=\"widget\" data-widget_type=\"heading.default\">\n\t\t\t\t<div class=\"elementor-widget-container\">\n\t\t\t<h2 class=\"elementor-heading-title elementor-size-default\">                                   online<\/h2>\t\t<\/div>\n\t\t\t\t<\/div>\n\t\t\t\t\t<\/div>\n\t\t<\/div>\n\t\t\t\t\t\t\t<\/div>\n\t\t<\/section>\n\t\t\t\t<div class=\"elementor-element elementor-element-45d98dd elementor-widget elementor-widget-text-editor\" data-id=\"45d98dd\" data-element_type=\"widget\" data-widget_type=\"text-editor.default\">\n\t\t\t\t<div class=\"elementor-widget-container\">\n\t\t\t<style>\/*! elementor - v3.5.3 - 28-12-2021 *\/\n.elementor-widget-text-editor.elementor-drop-cap-view-stacked .elementor-drop-cap{background-color:#818a91;color:#fff}.elementor-widget-text-editor.elementor-drop-cap-view-framed .elementor-drop-cap{color:#818a91;border:3px solid;background-color:transparent}.elementor-widget-text-editor:not(.elementor-drop-cap-view-default) .elementor-drop-cap{margin-top:8px}.elementor-widget-text-editor:not(.elementor-drop-cap-view-default) .elementor-drop-cap-letter{width:1em;height:1em}.elementor-widget-text-editor .elementor-drop-cap{float:left;text-align:center;line-height:1;font-size:50px}.elementor-widget-text-editor .elementor-drop-cap-letter{display:inline-block}<\/style>\t\t\t\t<p>\u00a0<\/p><p>Kedves Olvas\u00f3!<\/p><p>Csaknem 10 esztendeje ind\u00edtottuk \u00fatj\u00e1ra a Csal\u00e1dorvosok Lapja foly\u00f3iratot. Legfontosabb c\u00e9lunknak azt tekintett\u00fck, hogy a patikai szakemberek munk\u00e1j\u00e1t seg\u00edts\u00fck cikkekkel, inform\u00e1ci\u00f3kkal. A napi munk\u00e1t \u00e9s tov\u00e1bbk\u00e9pz\u00e9st seg\u00edtj\u00fck pontszerz\u0151 tanfolyamok \u00f6ssze\u00e1ll\u00edt\u00e1s\u00e1val, szervez\u00e9s\u00e9vel \u00e9s a lapban elhelyezett cikkanyaggal, esetenk\u00e9nt on-line kit\u00f6lthet\u0151 vizsgaanyaggal. A megjelent lapsz\u00e1mok teljes anyag\u00e1nak k\u00f6zz\u00e9t\u00e9tele on-line fel\u00fcleten lehet\u0151s\u00e9get ad a naprak\u00e9sz t\u00e1j\u00e9koz\u00f3d\u00e1sra orvosok \u00e9s eg\u00e9szs\u00e9g\u00fcgyben dolgoz\u00f3 szakemberek sz\u00e1m\u00e1ra.<\/p><p>Ahhoz, hogy mindig hozz\u00e1f\u00e9rhet\u0151k legyenek cikkeink, be kell l\u00e9pnie a fel\u00fcletre egy r\u00f6vid regisztr\u00e1ci\u00f3val. Ehhez k\u00e9rj\u00fck, hogy\u00a0<strong><em>nyilv\u00e1ntart\u00e1si sz\u00e1m\u00e1val \u00e9s egy csak \u00d6n \u00e1ltal ismert jelsz\u00f3val regisztr\u00e1ljon<\/em><\/strong>\u00a0oldalunkon.<\/p><p>\u00a0<\/p>\t\t\t\t\t\t<\/div>\n\t\t\t\t<\/div>\n\t\t\t\t\t<\/div>\n\t\t<\/div>\n\t\t\t\t\t\t\t<\/div>\n\t\t<\/section>\n\t\t\t\t\t\t<\/div>\n\t\t\t\t\t<\/div>\n\t\t","protected":false},"excerpt":{"rendered":"<p>Csal\u00e1dorvosok LAPJA online \u00a0 Kedves Olvas\u00f3! Csaknem 10 esztendeje ind\u00edtottuk \u00fatj\u00e1ra a Csal\u00e1dorvosok Lapja foly\u00f3iratot. Legfontosabb c\u00e9lunknak azt tekintett\u00fck, hogy a patikai szakemberek munk\u00e1j\u00e1t seg\u00edts\u00fck cikkekkel, inform\u00e1ci\u00f3kkal. A napi munk\u00e1t \u00e9s tov\u00e1bbk\u00e9pz\u00e9st seg\u00edtj\u00fck pontszerz\u0151 tanfolyamok \u00f6ssze\u00e1ll\u00edt\u00e1s\u00e1val, szervez\u00e9s\u00e9vel \u00e9s a lapban elhelyezett cikkanyaggal, esetenk\u00e9nt on-line kit\u00f6lthet\u0151 vizsgaanyaggal. A megjelent lapsz\u00e1mok teljes anyag\u00e1nak k\u00f6zz\u00e9t\u00e9tele on-line fel\u00fcleten lehet\u0151s\u00e9get [&hellip;]<\/p>\n","protected":false},"author":1,"featured_media":0,"parent":0,"menu_order":0,"comment_status":"closed","ping_status":"closed","template":"","meta":{"footnotes":""},"class_list":["post-44","page","type-page","status-publish","hentry"],"_links":{"self":[{"href":"https:\/\/egeszsegvonal.eu\/MCSL\/wp-json\/wp\/v2\/pages\/44","targetHints":{"allow":["GET"]}}],"collection":[{"href":"https:\/\/egeszsegvonal.eu\/MCSL\/wp-json\/wp\/v2\/pages"}],"about":[{"href":"https:\/\/egeszsegvonal.eu\/MCSL\/wp-json\/wp\/v2\/types\/page"}],"author":[{"embeddable":true,"href":"https:\/\/egeszsegvonal.eu\/MCSL\/wp-json\/wp\/v2\/users\/1"}],"replies":[{"embeddable":true,"href":"https:\/\/egeszsegvonal.eu\/MCSL\/wp-json\/wp\/v2\/comments?post=44"}],"version-history":[{"count":42,"href":"https:\/\/egeszsegvonal.eu\/MCSL\/wp-json\/wp\/v2\/pages\/44\/revisions"}],"predecessor-version":[{"id":842,"href":"https:\/\/egeszsegvonal.eu\/MCSL\/wp-json\/wp\/v2\/pages\/44\/revisions\/842"}],"wp:attachment":[{"href":"https:\/\/egeszsegvonal.eu\/MCSL\/wp-json\/wp\/v2\/media?parent=44"}],"curies":[{"name":"wp","href":"https:\/\/api.w.org\/{rel}","templated":true}]}}